{"id":4,"date":"2014-05-05T13:17:10","date_gmt":"2014-05-05T13:17:10","guid":{"rendered":"http:\/\/tubomaquinas.com\/?page_id=4"},"modified":"2014-07-30T00:56:10","modified_gmt":"2014-07-30T00:56:10","slug":"inicio","status":"publish","type":"page","link":"http:\/\/tubomaquinas.com\/","title":{"rendered":"In\u00edcio"},"content":{"rendered":"<p>\r\n\t\t<link rel='stylesheet' href='http:\/\/tubomaquinas.com\/wp-content\/plugins\/fluid-responsive-slideshow\/skins\/default.css' type='text\/css'>\r\n\r\n\t\t<style>\r\n\t\t#slide-iniciopjcwrap  .timer { display: none !important; }\r\n\t\t\r\n\t\t\r\n\t\t\t#slide-iniciopjc {\r\n\t\t \t\tmax-width:988px;\t\t\r\n\t\t\t}\r\n\t\t\t#slide-iniciopjcwrap{\r\n\t\t\t \tmax-width:988px;\r\n\t\t\t \tmargin-left:auto;\r\n\t\t\t \tmargin-right:auto;\r\n\t\t\t}\r\n\t\t\r\n\t\t\r\n\r\n\t\t#slide-iniciopjc .orbit-wrapper .orbit-caption {\r\n\t\t\t\tdisplay:none;\r\n\t\t\t}\r\n\r\n\t\t#slide-iniciopjcwrap .orbit-caption h4{\r\n\t\t\tfont-size:0px;\r\n\t\t    margin:0px;\r\n\t\t    padding:3px 0px;\r\n\t\t\r\n\t\t}\r\n\t\t#slide-iniciopjcwrap .orbit-caption p{\r\n\t\t    margin:0px;\r\n\t\t    padding:0px 0px;\r\n\t\t\r\n\t\t    font-size:0px;\r\n\t\t}\r\n\t\t\r\n\t\t#slide-iniciopjcwrap div.slider-nav span{\r\n\t\t    top:50%;\r\n\t\t}\r\n\t\t<\/style>\r\n\t\t\r\n\t\t<!-- Slideshow generated using Fluid-Responsive-Slideshow, http:\/\/www.tonjoo.com\/wordpress-plugin-fluid-responsive-slideshow-plugin\/ -->\r\n\t\t<script>\r\n\t\t\tjQuery(document).ready(function($) {\r\n\t\t\r\n\t\t\t\t\t\tjQuery('#slide-iniciopjc').orbit({\r\n\t\t\t\t\t\t\tanimation : 'horizontal-push', \/\/ fade, horizontal-slide, vertical-slide, horizontal-push\r\n\t\t\t\t\t\t\tanimationSpeed :  800, \/\/ how fast animtions are\r\n\t\t\t\t\t\t\ttimer :  true, \/\/ true or false to have the timer\r\n\t\t\t\t\t\t\tadvanceSpeed :   2500, \/\/ if timer is enabled, time between transitions\r\n\t\t\t\t\t\t\tpauseOnHover : true, \/\/ if you hover pauses the slider\r\n\t\t\t\t\t\t\tstartClockOnMouseOut :  true, \/\/ if clock should start on MouseOut\r\n\t\t\t\t\t\t\tstartClockOnMouseOutAfter :  800, \/\/ how long after MouseOut should the timer start again\r\n\t\t\t\t\t\t\tdirectionalNav :  true, \/\/ manual advancing directional navs\r\n\t\t\t\t\t\t\tcaptions : true, \/\/ do you want captions?\r\n\t\t\t\t\t\t\tcaptionAnimation : 'fade', \/\/ fade, slideOpen, none\r\n\t\t\t\t\t\t\tcaptionAnimationSpeed : 800, \/\/ if so how quickly should they animate in\r\n\t\t\t\t\t\t\tbullets :  true, \/\/ true or false to activate the bullet navigation\r\n\t\t\t\t\t\t\tbulletThumbs : true, \/\/ thumbnails for the bullets\r\n\t\t\t\t\t\t\tbulletThumbLocation : '', \/\/ location from this file where thumbs will be\r\n\t\t\t\t\t\t\tnavigationSmallTreshold:  600,\r\n\t\t\t\t\t\t\tnavigationSmall:   true,\r\n\t\t\t\t\t\t\tskinClass: 'default'\r\n\t\t\t\t\t\t});\r\n\t\t\t\t\t\r\n\t\t\t})\r\n\t\t\r\n\t\t<\/script>\r\n\t\t<!--[if lt IE 9]>\r\n\t\t\t<style type='text\/css'>\r\n\t\t\t#slide-iniciopjcwrap  .timer { display: none !important; }\r\n\t\t\t#slide-iniciopjcwrap  div.caption { background:transparent; filter:progid:DXImageTransform.Microsoft.gradient(startColorstr=#99000000,endColorstr=#99000000);zoom: 1; }\r\n\t\t\t<\/style>\r\n\t\t<![endif]-->\r\n\t\t\r\n\t\t<div class='pjc-slideshow-container'>\r\n\t\t\t<div class='featured' id='slide-iniciopjc'>\r\n\t\t\t<div data-caption='#captionslide-iniciopjc1' class='first-slide'><a title='#' href='#' ><img src=http:\/\/tubomaquinas.com\/wp-content\/uploads\/2014\/05\/1.jpg \/><\/a><\/div><div data-caption='#captionslide-iniciopjc2' class='pjc-preload' ><a title='#' href='#'   ><img src='http:\/\/tubomaquinas.com\/wp-content\/uploads\/2014\/05\/2.jpg' alt='' \/><\/a><\/div><div data-caption='#captionslide-iniciopjc3' class='pjc-preload' ><a title='#' href='#'   ><img src='http:\/\/tubomaquinas.com\/wp-content\/uploads\/2014\/05\/3.jpg' alt='' \/><\/a><\/div><div data-caption='#captionslide-iniciopjc4' class='pjc-preload' ><a title='#' href='#'   ><img src='http:\/\/tubomaquinas.com\/wp-content\/uploads\/2014\/05\/4.jpg' alt='' \/><\/a><\/div>\r\n\t\t\t<\/div>\r\n\t\t\t\r\n\t\t<\/div>\r\n\t\t\r\n\t\r\n\r\n\t\t\r\n\t\t<br \/>\n<img loading=\"lazy\" class=\"mainWidget\" src=\"http:\/\/tubomaquinas.com\/wp-content\/uploads\/2014\/05\/pub.jpg\" alt=\"pub\" width=\"295\" height=\"503\" \/><\/p>\n<h1>Sociedade comercial de tubos hidr\u00e1ulicos<\/h1>\n<div class=\"homeBox\">\n<p>Situada em Coimbra desde a funda\u00e7\u00e3o, a Tubom\u00e1quinas Lda. \u00e9 uma empresa de cariz familiar, criada h\u00e1 mais de vinte e cinco anos, cuja atividade se enquadra essencialmente, mas n\u00e3o exclusivamente, nos sectores da hidr\u00e1ulica e pneum\u00e1tica.<\/p>\n<p>Contando com uma vasta experi\u00eancia, apresentamos um completo e diversificado leque de produtos ao dispor dos nossos clientes.<br \/>\n<a href=\"..\/index.php\/a-empresa\"><img src=\"..\/wp-content\/themes\/future-child-01\/img\/verMais.png\" style=\"float:right; bottom:10px; right:10px; position: absolute;\"><\/a><\/p>\n<\/div>\n<div class=\"smallBox box-01\">\n<div class=\"smallBoxHeader\"><span>FALE CONNOSCO<\/span><\/div>\n<div class=\"smallBoxContent\">\n<p>Rua Adriano Lucas &#8211; Alto das Romeiras<br \/>\nArmaz\u00e9m 12 &#8211; 3020-264 Coimbra<\/p>\n<p>Telef.: 239 440 894<br \/>\nTelem.: 939 408 954<br \/>\nFax.: 239 440 056<br \/>\n<a href=\"..\/index.php\/contactos\"><img src=\"..\/wp-content\/themes\/future-child-01\/img\/verMais.png\" style=\"float:right; bottom:10px; right:10px; position: absolute;\"><\/a>\n<\/div>\n<\/div>\n<div class=\"smallBox box-02\">\n<div class=\"smallBoxHeader\"><span>produtos e servi\u00e7os<\/span><\/div>\n<div class=\"smallBoxContent\">\n<p>Temos ao seu dispor uma completa e especializada gama de produtos nos sectores da hidr\u00e1ulica e pneum\u00e1tica, mas n\u00e3o s\u00f3.<\/p>\n<p><a href=\"..\/index.php\/produtos-e-servicos\"><img src=\"..\/wp-content\/themes\/future-child-01\/img\/verMais.png\" style=\"float:right; bottom:10px; right:10px; position: absolute;\"><\/a>\n<\/div>\n<\/div>\n","protected":false},"excerpt":{"rendered":"<p>Sociedade comercial de tubos hidr\u00e1ulicos Situada em Coimbra desde a funda\u00e7\u00e3o, a Tubom\u00e1quinas Lda. \u00e9 uma empresa de cariz familiar, criada h\u00e1 mais de vinte <span class=\"ellipsis\">&hellip;<\/span> <span class=\"entry-more-link-wrapper\"><a href=\"http:\/\/tubomaquinas.com\/pjc_slideshow\/slide01img04\" class=\"entry-more-link entry-more-link-excerpt btn btn-primary\"><span>Read More<\/span><\/a><\/span><\/p>\n","protected":false},"author":1,"featured_media":0,"parent":0,"menu_order":0,"comment_status":"closed","ping_status":"open","template":"template-full-width.php","meta":[],"_links":{"self":[{"href":"http:\/\/tubomaquinas.com\/index.php\/wp-json\/wp\/v2\/pages\/4"}],"collection":[{"href":"http:\/\/tubomaquinas.com\/index.php\/wp-json\/wp\/v2\/pages"}],"about":[{"href":"http:\/\/tubomaquinas.com\/index.php\/wp-json\/wp\/v2\/types\/page"}],"author":[{"embeddable":true,"href":"http:\/\/tubomaquinas.com\/index.php\/wp-json\/wp\/v2\/users\/1"}],"replies":[{"embeddable":true,"href":"http:\/\/tubomaquinas.com\/index.php\/wp-json\/wp\/v2\/comments?post=4"}],"version-history":[{"count":59,"href":"http:\/\/tubomaquinas.com\/index.php\/wp-json\/wp\/v2\/pages\/4\/revisions"}],"predecessor-version":[{"id":331,"href":"http:\/\/tubomaquinas.com\/index.php\/wp-json\/wp\/v2\/pages\/4\/revisions\/331"}],"wp:attachment":[{"href":"http:\/\/tubomaquinas.com\/index.php\/wp-json\/wp\/v2\/media?parent=4"}],"curies":[{"name":"wp","href":"https:\/\/api.w.org\/{rel}","templated":true}]}}