{"id":6,"date":"2014-05-05T13:17:21","date_gmt":"2014-05-05T13:17:21","guid":{"rendered":"http:\/\/tubomaquinas.com\/?page_id=6"},"modified":"2014-07-30T00:44:13","modified_gmt":"2014-07-30T00:44:13","slug":"a-empresa","status":"publish","type":"page","link":"http:\/\/tubomaquinas.com\/index.php\/a-empresa","title":{"rendered":"A Empresa"},"content":{"rendered":"\r\n\t\t<link rel='stylesheet' href='http:\/\/tubomaquinas.com\/wp-content\/plugins\/fluid-responsive-slideshow\/skins\/default.css' type='text\/css'>\r\n\r\n\t\t<style>\r\n\t\t#slider-a-empresapjcwrap  .timer { display: none !important; }\r\n\t\t\r\n\t\t\r\n\t\t\t#slider-a-empresapjc {\r\n\t\t \t\tmax-width:988px;\t\t\r\n\t\t\t}\r\n\t\t\t#slider-a-empresapjcwrap{\r\n\t\t\t \tmax-width:988px;\r\n\t\t\t \tmargin-left:auto;\r\n\t\t\t \tmargin-right:auto;\r\n\t\t\t}\r\n\t\t\r\n\t\t\r\n\r\n\t\t#slider-a-empresapjc .orbit-wrapper .orbit-caption {\r\n\t\t\t\tdisplay:none;\r\n\t\t\t}\r\n\r\n\t\t#slider-a-empresapjcwrap .orbit-caption h4{\r\n\t\t\tfont-size:0px;\r\n\t\t    margin:0px;\r\n\t\t    padding:3px 0px;\r\n\t\t\r\n\t\t}\r\n\t\t#slider-a-empresapjcwrap .orbit-caption p{\r\n\t\t    margin:0px;\r\n\t\t    padding:0px 0px;\r\n\t\t\r\n\t\t    font-size:10px;\r\n\t\t}\r\n\t\t\r\n\t\t#slider-a-empresapjcwrap div.slider-nav span{\r\n\t\t    top:50%;\r\n\t\t}\r\n\t\t<\/style>\r\n\t\t\r\n\t\t<!-- Slideshow generated using Fluid-Responsive-Slideshow, http:\/\/www.tonjoo.com\/wordpress-plugin-fluid-responsive-slideshow-plugin\/ -->\r\n\t\t<script>\r\n\t\t\tjQuery(document).ready(function($) {\r\n\t\t\r\n\t\t\t\t\t\tjQuery('#slider-a-empresapjc').orbit({\r\n\t\t\t\t\t\t\tanimation : 'horizontal-push', \/\/ fade, horizontal-slide, vertical-slide, horizontal-push\r\n\t\t\t\t\t\t\tanimationSpeed :  800, \/\/ how fast animtions are\r\n\t\t\t\t\t\t\ttimer :  true, \/\/ true or false to have the timer\r\n\t\t\t\t\t\t\tadvanceSpeed :   2500, \/\/ if timer is enabled, time between transitions\r\n\t\t\t\t\t\t\tpauseOnHover : true, \/\/ if you hover pauses the slider\r\n\t\t\t\t\t\t\tstartClockOnMouseOut :  true, \/\/ if clock should start on MouseOut\r\n\t\t\t\t\t\t\tstartClockOnMouseOutAfter :  800, \/\/ how long after MouseOut should the timer start again\r\n\t\t\t\t\t\t\tdirectionalNav :  true, \/\/ manual advancing directional navs\r\n\t\t\t\t\t\t\tcaptions : true, \/\/ do you want captions?\r\n\t\t\t\t\t\t\tcaptionAnimation : 'fade', \/\/ fade, slideOpen, none\r\n\t\t\t\t\t\t\tcaptionAnimationSpeed : 800, \/\/ if so how quickly should they animate in\r\n\t\t\t\t\t\t\tbullets :  true, \/\/ true or false to activate the bullet navigation\r\n\t\t\t\t\t\t\tbulletThumbs : true, \/\/ thumbnails for the bullets\r\n\t\t\t\t\t\t\tbulletThumbLocation : '', \/\/ location from this file where thumbs will be\r\n\t\t\t\t\t\t\tnavigationSmallTreshold:  600,\r\n\t\t\t\t\t\t\tnavigationSmall:   true,\r\n\t\t\t\t\t\t\tskinClass: 'default'\r\n\t\t\t\t\t\t});\r\n\t\t\t\t\t\r\n\t\t\t})\r\n\t\t\r\n\t\t<\/script>\r\n\t\t<!--[if lt IE 9]>\r\n\t\t\t<style type='text\/css'>\r\n\t\t\t#slider-a-empresapjcwrap  .timer { display: none !important; }\r\n\t\t\t#slider-a-empresapjcwrap  div.caption { background:transparent; filter:progid:DXImageTransform.Microsoft.gradient(startColorstr=#99000000,endColorstr=#99000000);zoom: 1; }\r\n\t\t\t<\/style>\r\n\t\t<![endif]-->\r\n\t\t\r\n\t\t<div class='pjc-slideshow-container'>\r\n\t\t\t<div class='featured' id='slider-a-empresapjc'>\r\n\t\t\t<div data-caption='#captionslider-a-empresapjc1' class='first-slide'><a title='#' href='#' ><img src=http:\/\/tubomaquinas.com\/wp-content\/uploads\/2014\/05\/11.jpg \/><\/a><\/div><div data-caption='#captionslider-a-empresapjc2' class='pjc-preload' ><a title='#' href='#'   ><img src='http:\/\/tubomaquinas.com\/wp-content\/uploads\/2014\/05\/21.jpg' alt='' \/><\/a><\/div><div data-caption='#captionslider-a-empresapjc3' class='pjc-preload' ><a title='#' href='#'   ><img src='http:\/\/tubomaquinas.com\/wp-content\/uploads\/2014\/05\/31.jpg' alt='' \/><\/a><\/div><div data-caption='#captionslider-a-empresapjc4' class='pjc-preload' ><a title='#' href='#'   ><img src='http:\/\/tubomaquinas.com\/wp-content\/uploads\/2014\/05\/41.jpg' alt='' \/><\/a><\/div>\r\n\t\t\t<\/div>\r\n\t\t\t\r\n\t\t<\/div>\r\n\t\t\r\n\t\r\n\r\n\t\t\r\n\t\t\n<h2>A empresa<\/h2>\n<p>Fundada em 1985, nas suas primeiras instala\u00e7\u00f5es em Santa Clara, a nossa empresa tem vindo a trilhar ao longo dos anos um caminho de evolu\u00e7\u00e3o, acompanhando as altera\u00e7\u00f5es t\u00e9cnicas que a todo o momento se verificam, e procurando estabelecer rela\u00e7\u00e3o com os melhores fornecedores e marcas dispon\u00edveis no mercado, nacional e internacional.\u00a0Apresentando\u00a0as melhores solu\u00e7\u00f5es, sempre aos melhores pre\u00e7os.<\/p>\n<p>Reflexo desse mesmo percurso evolutivo, a nossa empresa, encontra-se hoje, nas suas atuais instala\u00e7\u00f5es, no Alto das Romeiras, armaz\u00e9m 12, em Eiras.<\/p>\n<p>Aqui, contamos n\u00e3o apenas com maiores instala\u00e7\u00f5es, mais equipamentos e uma maior diversidade de materiais ao seu\u00a0dispor, mas como sempre, com o atendimento e disponibilidade que nos carateriza,\u202fdesde 1985, atrav\u00e9s de duas gera\u00e7\u00f5es de uma mesma fam\u00edlia. A nossa fam\u00edlia, e a sua fam\u00edlia h\u00e1 mais de vinte e cinco anos,\u00a0Tubom\u00e1quinas.<\/p>\n<h3>O que fazemos?<\/h3>\n<p><span style=\"color: black;\">Situada em Coimbra desde a funda\u00e7\u00e3o, a Tubom\u00e1quinas Lda. \u00e9 uma empresa de cariz familiar, criada h\u00e1 mais de vinte e cinco anos, cuja atividade se enquadra essencialmente, mas n\u00e3o exclusivamente, nos sectores da hidr\u00e1ulica e pneum\u00e1tica.<\/span><\/p>\n<p><span style=\"color: black;\">Contando com uma vasta experi\u00eancia, apresentamos um completo e diversificado leque de produtos ao dispor dos nossos clientes.<\/span><\/p>\n","protected":false},"excerpt":{"rendered":"<p>A empresa Fundada em 1985, nas suas primeiras instala\u00e7\u00f5es em Santa Clara, a nossa empresa tem vindo a trilhar ao longo dos anos um caminho <span class=\"ellipsis\">&hellip;<\/span> <span class=\"entry-more-link-wrapper\"><a href=\"http:\/\/tubomaquinas.com\/pjc_slideshow\/slide02img04\" class=\"entry-more-link entry-more-link-excerpt btn btn-primary\"><span>Read More<\/span><\/a><\/span><\/p>\n","protected":false},"author":1,"featured_media":0,"parent":0,"menu_order":0,"comment_status":"closed","ping_status":"open","template":"template-full-width.php","meta":[],"_links":{"self":[{"href":"http:\/\/tubomaquinas.com\/index.php\/wp-json\/wp\/v2\/pages\/6"}],"collection":[{"href":"http:\/\/tubomaquinas.com\/index.php\/wp-json\/wp\/v2\/pages"}],"about":[{"href":"http:\/\/tubomaquinas.com\/index.php\/wp-json\/wp\/v2\/types\/page"}],"author":[{"embeddable":true,"href":"http:\/\/tubomaquinas.com\/index.php\/wp-json\/wp\/v2\/users\/1"}],"replies":[{"embeddable":true,"href":"http:\/\/tubomaquinas.com\/index.php\/wp-json\/wp\/v2\/comments?post=6"}],"version-history":[{"count":16,"href":"http:\/\/tubomaquinas.com\/index.php\/wp-json\/wp\/v2\/pages\/6\/revisions"}],"predecessor-version":[{"id":239,"href":"http:\/\/tubomaquinas.com\/index.php\/wp-json\/wp\/v2\/pages\/6\/revisions\/239"}],"wp:attachment":[{"href":"http:\/\/tubomaquinas.com\/index.php\/wp-json\/wp\/v2\/media?parent=6"}],"curies":[{"name":"wp","href":"https:\/\/api.w.org\/{rel}","templated":true}]}}